{"id":131,"date":"2025-10-14T17:23:33","date_gmt":"2025-10-14T17:23:33","guid":{"rendered":"https:\/\/acobyvigneau.com\/?page_id=131"},"modified":"2025-10-22T13:29:02","modified_gmt":"2025-10-22T13:29:02","slug":"partenaires-apport-daffaires","status":"publish","type":"page","link":"https:\/\/acobyvigneau.com\/index.php\/partenaires-apport-daffaires\/","title":{"rendered":"Partenaires (Apport d&rsquo;Affaires)"},"content":{"rendered":"\n<div class=\"wp-block-group is-nowrap is-layout-flex wp-container-core-group-is-layout-6c531013 wp-block-group-is-layout-flex\"><div class=\"is-default-size wp-block-site-logo\"><a href=\"https:\/\/acobyvigneau.com\/\" class=\"custom-logo-link\" rel=\"home\"><img loading=\"lazy\" decoding=\"async\" width=\"612\" height=\"408\" src=\"https:\/\/acobyvigneau.com\/wp-content\/uploads\/2025\/10\/Gemini_Generated_Image_gjwvb5gjwvb5gjwv-removebg-preview.png\" class=\"custom-logo\" alt=\"A.C.O.by VIGNEAU\" srcset=\"https:\/\/acobyvigneau.com\/wp-content\/uploads\/2025\/10\/Gemini_Generated_Image_gjwvb5gjwvb5gjwv-removebg-preview.png 612w, https:\/\/acobyvigneau.com\/wp-content\/uploads\/2025\/10\/Gemini_Generated_Image_gjwvb5gjwvb5gjwv-removebg-preview-300x200.png 300w\" sizes=\"auto, (max-width: 612px) 100vw, 612px\" \/><\/a><\/div>\n\n\n<h3 class=\"wp-block-heading\">Devenez Partenaire d&rsquo;A.C.O. by VIGNEAU : Un Apport d&rsquo;Affaires Garanti<\/h3>\n<\/div>\n\n\n\n<hr class=\"wp-block-separator has-alpha-channel-opacity\"\/>\n\n\n\n<h3 class=\"wp-block-heading has-text-align-left\">Synergies d&rsquo;Affaires &amp; Dossiers Qualifi\u00e9s<\/h3>\n\n\n\n<p>A.C.O. by VIGNEAU est l&rsquo;<strong><mark style=\"background-color:rgba(0, 0, 0, 0);color:#b8860b\" class=\"has-inline-color\">acc\u00e9l\u00e9rateur de croissance<\/mark><\/strong>&nbsp;de votre r\u00e9seau d&rsquo;affaires. Notre expertise en audit ultra-qualifi\u00e9 et notre positionnement de \u00ab\u00a0chef d&rsquo;orchestre\u00a0\u00bb de la gestion priv\u00e9e nous permettent de g\u00e9n\u00e9rer un&nbsp;flux constant de dossiers d&rsquo;une qualit\u00e9 exceptionnelle.<\/p>\n\n\n\n<h4 class=\"wp-block-heading\">Votre gain imm\u00e9diat : des dossiers \u00ab\u00a0cl\u00e9s en main\u00a0\u00bb<\/h4>\n\n\n\n<p>Nous agissons comme un&nbsp;<strong>qualificateur de confiance<\/strong>, \u00e9liminant le besoin de prospection longue et co\u00fbteuse. Lorsque nous vous mettons en relation avec un client, c&rsquo;est que le besoin a \u00e9t\u00e9 identifi\u00e9, analys\u00e9 et pr\u00e9-valid\u00e9 par nos soins.<\/p>\n\n\n\n<p>Nous recherchons des experts de haut niveau dans les secteurs suivants, capables de r\u00e9pondre \u00e0 ces besoins qualifi\u00e9s :<\/p>\n\n\n\n<ul class=\"wp-block-list\">\n<li><mark style=\"background-color:rgba(0, 0, 0, 0);color:#b8860b\" class=\"has-inline-color\"><strong>Banque &amp; Finance<\/strong>&nbsp;<\/mark>: Cr\u00e9dit (professionnel ou priv\u00e9), \u00e9pargne, placement, gestion de tr\u00e9sorerie, d\u00e9fiscalisation,&nbsp;<strong>etc.<\/strong><\/li>\n\n\n\n<li><strong><mark style=\"background-color:rgba(0, 0, 0, 0);color:#b8860b\" class=\"has-inline-color\">Assurance<\/mark><\/strong>&nbsp;: Couverture professionnelle (RC Pro), Assurance-cr\u00e9dit, protection des biens et du patrimoine (MRH haut de gamme, flottes).<\/li>\n\n\n\n<li><mark style=\"background-color:rgba(0, 0, 0, 0);color:#b8860b\" class=\"has-inline-color\"><strong>Conseil Juridique &amp; Avocature<\/strong>&nbsp;<\/mark>: Gestion de litiges, proc\u00e9dures administratives complexes, conseils en structuration et conformit\u00e9,&nbsp;<strong>etc.<\/strong><\/li>\n\n\n\n<li><strong><mark style=\"background-color:rgba(0, 0, 0, 0);color:#b8860b\" class=\"has-inline-color\">Immobilier &amp; Logistique<\/mark><\/strong>&nbsp;: Transactions immobili\u00e8res, ing\u00e9nierie de projet, logistique sp\u00e9cifique, d\u00e9m\u00e9nagement et stockage,&nbsp;<strong>etc.<\/strong><\/li>\n\n\n\n<li><strong><mark style=\"background-color:rgba(0, 0, 0, 0);color:#b8860b\" class=\"has-inline-color\">B\u00e2timent &amp; R\u00e9novation<\/mark><\/strong>&nbsp;: Constructeurs, terrassiers, architectes, entreprises g\u00e9n\u00e9rales de r\u00e9novation, artisans qualifi\u00e9s (ma\u00e7on, \u00e9lectricien, plombier, etc.),&nbsp;<strong>etc.<\/strong><\/li>\n\n\n\n<li><strong><mark style=\"background-color:rgba(0, 0, 0, 0);color:#b8860b\" class=\"has-inline-color\">Voyage &amp; Tourisme<\/mark><\/strong>&nbsp;: Agences de voyage, tour-op\u00e9rateurs, compagnies a\u00e9riennes, conciergerie de luxe,&nbsp;<strong>etc.<\/strong><\/li>\n<\/ul>\n\n\n\n<h3 class=\"wp-block-heading has-text-align-center\"><em><mark style=\"background-color:rgba(0, 0, 0, 0)\" class=\"has-inline-color has-base-2-color\">Principes de Collaboration et R\u00e9mun\u00e9ration : Z\u00e9ro risque pour nos partenaires<\/mark><\/em><\/h3>\n\n\n\n<p>En tant qu&rsquo;apporteur d&rsquo;affaires, nous privil\u00e9gions les collaborations fond\u00e9es sur une grande exigence d&rsquo;efficacit\u00e9 et une confidentialit\u00e9 absolue.&nbsp;<strong>Nos partenaires, rigoureusement s\u00e9lectionn\u00e9s, sont tenus par contrat A.C.O. by VIGNEAU de garantir cette rigueur et cette confidentialit\u00e9.<\/strong><\/p>\n\n\n\n<p>Pour assurer une collaboration optimale et proposer les meilleures solutions \u00e0 nos clients, nous souhaitons en amont :<\/p>\n\n\n\n<ul class=\"wp-block-list\">\n<li><strong><mark style=\"background-color:rgba(0, 0, 0, 0);color:#b8860b\" class=\"has-inline-color\">\u00c9tudier vos supports<\/mark><\/strong>&nbsp;et vos propositions de valeur.<\/li>\n\n\n\n<li>Obtenir des&nbsp;<strong><mark style=\"background-color:rgba(0, 0, 0, 0);color:#b8860b\" class=\"has-inline-color\">offres pr\u00e9f\u00e9rentielles ou de groupe<\/mark><\/strong>&nbsp;qui garantissent un avantage d\u00e9cisif aux clients r\u00e9f\u00e9r\u00e9s par A.C.O.<\/li>\n<\/ul>\n\n\n\n<p>Notre r\u00e9mun\u00e9ration est strictement bas\u00e9e sur la&nbsp;<strong><mark style=\"background-color:rgba(0, 0, 0, 0);color:#b8860b\" class=\"has-inline-color\">r\u00e9alisation et la signature d&rsquo;un contrat effectif<\/mark><\/strong>&nbsp;entre vous (le partenaire) et le client r\u00e9f\u00e9r\u00e9. Ce montant est&nbsp;annonc\u00e9 \u00e0 l&rsquo;avance&nbsp;et prend la forme d&rsquo;un forfait et\/ou d&rsquo;un pourcentage, d\u00e9fini selon la nature et la complexit\u00e9 du contrat.&nbsp;<strong><mark style=\"background-color:rgba(0, 0, 0, 0);color:#b8860b\" class=\"has-inline-color\">Pas de contrat sign\u00e9, pas de frais \u00e0 payer.<\/mark><\/strong><\/p>\n\n\n\n<h3 class=\"wp-block-heading has-text-align-center\"><em><mark style=\"background-color:rgba(0, 0, 0, 0)\" class=\"has-inline-color has-base-2-color\"><em><mark style=\"background-color:rgba(0, 0, 0, 0)\" class=\"has-inline-color has-base-2-color\">Int\u00e9grez notre R\u00e9seau d&rsquo;Excellence<\/mark><\/em><\/mark><\/em><\/h3>\n\n\n\n<h3 class=\"wp-block-heading has-text-align-center\"><a href=\"https:\/\/acobyvigneau.com\/index.php\/contacts-informations\/\" data-type=\"page\" data-id=\"92\">\ud83e\udd1d&nbsp;<strong>Contactez A.C.O. by VIGNEAU<\/strong>&nbsp;pour un \u00e9change confidentiel et \u00e9valuer comment notre r\u00e9seau peut booster votre activit\u00e9.<\/a><\/h3>\n\n\n\n<div class=\"wp-block-group is-vertical is-content-justification-center is-layout-flex wp-container-core-group-is-layout-838cd1cc wp-block-group-is-layout-flex\" style=\"padding-top:var(--wp--preset--spacing--40);padding-bottom:var(--wp--preset--spacing--50)\"><div class=\"is-default-size wp-block-site-logo\"><a href=\"https:\/\/acobyvigneau.com\/\" class=\"custom-logo-link\" rel=\"home\"><img loading=\"lazy\" decoding=\"async\" width=\"612\" height=\"408\" src=\"https:\/\/acobyvigneau.com\/wp-content\/uploads\/2025\/10\/Gemini_Generated_Image_gjwvb5gjwvb5gjwv-removebg-preview.png\" class=\"custom-logo\" alt=\"A.C.O.by VIGNEAU\" srcset=\"https:\/\/acobyvigneau.com\/wp-content\/uploads\/2025\/10\/Gemini_Generated_Image_gjwvb5gjwvb5gjwv-removebg-preview.png 612w, https:\/\/acobyvigneau.com\/wp-content\/uploads\/2025\/10\/Gemini_Generated_Image_gjwvb5gjwvb5gjwv-removebg-preview-300x200.png 300w\" sizes=\"auto, (max-width: 612px) 100vw, 612px\" \/><\/a><\/div>\n\n<nav class=\"has-small-font-size items-justified-center wp-block-navigation is-content-justification-center is-layout-flex wp-container-core-navigation-is-layout-a89b3969 wp-block-navigation-is-layout-flex\" aria-label=\"Clients (Particuliers, Famille, &amp; Entreprises Priv\u00e9es)\"><ul class=\"wp-block-navigation__container has-small-font-size items-justified-center wp-block-navigation has-small-font-size\"><li class=\"has-small-font-size wp-block-navigation-item wp-block-navigation-link\"><a class=\"wp-block-navigation-item__content\"  href=\"https:\/\/acobyvigneau.com\/\"><span class=\"wp-block-navigation-item__label\"><mark style=\"color:#b8860b\" class=\"has-inline-color\">Accueil<\/mark><\/span><\/a><\/li><li class=\"has-small-font-size wp-block-navigation-item wp-block-navigation-link\"><a class=\"wp-block-navigation-item__content\"  href=\"https:\/\/acobyvigneau.com\/index.php\/clients-particuliers-familles-entreprises-privees\/\"><span class=\"wp-block-navigation-item__label\"><mark style=\"color:#b8860b\" class=\"has-inline-color\">Clients (Particuliers)<\/mark><\/span><\/a><\/li><li class=\"has-small-font-size wp-block-navigation-item wp-block-navigation-link\"><a class=\"wp-block-navigation-item__content\"  href=\"https:\/\/acobyvigneau.com\/index.php\/pole-entreprises-soutien-operationnel-strategique\/\"><span class=\"wp-block-navigation-item__label\"><mark style=\"color:#b8860b\" class=\"has-inline-color\">P\u00f4le Entreprises<\/mark><\/span><\/a><\/li><li class=\"has-small-font-size wp-block-navigation-item wp-block-navigation-link\"><a class=\"wp-block-navigation-item__content\"  href=\"https:\/\/acobyvigneau.com\/index.php\/partenaires-apport-daffaires\/\"><span class=\"wp-block-navigation-item__label\"><mark style=\"color:#b8860b\" class=\"has-inline-color\">Partenaires (Apport d\u2019Affaires)<\/mark><\/span><\/a><\/li><li class=\"has-small-font-size wp-block-navigation-item wp-block-navigation-link\"><a class=\"wp-block-navigation-item__content\"  href=\"https:\/\/acobyvigneau.com\/index.php\/mentions-legales-politique-de-confidentialite\/\"><span class=\"wp-block-navigation-item__label\"><mark style=\"color:#b8860b\" class=\"has-inline-color\">Mentions L\u00e9gales &amp; Politique de Confidentialit\u00e9<\/mark><\/span><\/a><\/li><li class=\"has-small-font-size wp-block-navigation-item wp-block-navigation-link\"><a class=\"wp-block-navigation-item__content\"  href=\"https:\/\/acobyvigneau.com\/index.php\/parcours-fondateur\/\"><span class=\"wp-block-navigation-item__label\"><mark style=\"color:#b8860b\" class=\"has-inline-color\">Parcours Fondateur<\/mark><\/span><\/a><\/li><li class=\"has-small-font-size wp-block-navigation-item wp-block-navigation-link\"><a class=\"wp-block-navigation-item__content\"  href=\"https:\/\/acobyvigneau.com\/index.php\/contacts-informations\/\"><span class=\"wp-block-navigation-item__label\"><mark style=\"color:#b8860b\" class=\"has-inline-color\">Contacts &amp; Informations<\/mark><\/span><\/a><\/li><\/ul><\/nav>\n\n\n<p class=\"has-text-align-center has-secondary-color has-text-color has-link-color has-small-font-size wp-elements-899aae734cfe97fcc05e798787614bdd\"><a href=\"https:\/\/fr.wordpress.org\" rel=\"nofollow\"><mark style=\"background-color:rgba(0, 0, 0, 0)\" class=\"has-inline-color has-base-2-color\">\u00a9 2025 A.C.O. by VIGNEAU | Tous droits r\u00e9serv\u00e9s.<\/mark><\/a><\/p>\n<\/div>\n","protected":false},"excerpt":{"rendered":"<p>Devenez Partenaire d&rsquo;A.C.O. by VIGNEAU : Un Apport d&rsquo;Affaires Garanti Synergies d&rsquo;Affaires &amp; Dossiers Qualifi\u00e9s A.C.O. by VIGNEAU est l&rsquo;acc\u00e9l\u00e9rateur de croissance&nbsp;de votre r\u00e9seau d&rsquo;affaires. Notre expertise en audit ultra-qualifi\u00e9 et notre positionnement de \u00ab\u00a0chef d&rsquo;orchestre\u00a0\u00bb de la gestion priv\u00e9e nous permettent de g\u00e9n\u00e9rer un&nbsp;flux constant de dossiers d&rsquo;une qualit\u00e9 exceptionnelle. Votre gain imm\u00e9diat : [&hellip;]<\/p>\n","protected":false},"author":1,"featured_media":0,"parent":0,"menu_order":0,"comment_status":"closed","ping_status":"closed","template":"","meta":{"footnotes":""},"class_list":["post-131","page","type-page","status-publish","hentry"],"_links":{"self":[{"href":"https:\/\/acobyvigneau.com\/index.php\/wp-json\/wp\/v2\/pages\/131","targetHints":{"allow":["GET"]}}],"collection":[{"href":"https:\/\/acobyvigneau.com\/index.php\/wp-json\/wp\/v2\/pages"}],"about":[{"href":"https:\/\/acobyvigneau.com\/index.php\/wp-json\/wp\/v2\/types\/page"}],"author":[{"embeddable":true,"href":"https:\/\/acobyvigneau.com\/index.php\/wp-json\/wp\/v2\/users\/1"}],"replies":[{"embeddable":true,"href":"https:\/\/acobyvigneau.com\/index.php\/wp-json\/wp\/v2\/comments?post=131"}],"version-history":[{"count":8,"href":"https:\/\/acobyvigneau.com\/index.php\/wp-json\/wp\/v2\/pages\/131\/revisions"}],"predecessor-version":[{"id":257,"href":"https:\/\/acobyvigneau.com\/index.php\/wp-json\/wp\/v2\/pages\/131\/revisions\/257"}],"wp:attachment":[{"href":"https:\/\/acobyvigneau.com\/index.php\/wp-json\/wp\/v2\/media?parent=131"}],"curies":[{"name":"wp","href":"https:\/\/api.w.org\/{rel}","templated":true}]}}