{"id":80,"date":"2025-10-17T13:46:25","date_gmt":"2025-10-17T13:46:25","guid":{"rendered":"http:\/\/acobyvigneau.com\/?page_id=80"},"modified":"2025-11-22T14:01:24","modified_gmt":"2025-11-22T14:01:24","slug":"parcours-fondateur","status":"publish","type":"page","link":"https:\/\/acobyvigneau.com\/index.php\/parcours-fondateur\/","title":{"rendered":"Parcours Fondateur"},"content":{"rendered":"\n<div class=\"wp-block-group is-vertical is-layout-flex wp-container-core-group-is-layout-fe9cc265 wp-block-group-is-layout-flex\">\n<div class=\"wp-block-group is-nowrap is-layout-flex wp-container-core-group-is-layout-6c531013 wp-block-group-is-layout-flex\"><div class=\"is-default-size wp-block-site-logo\"><a href=\"https:\/\/acobyvigneau.com\/\" class=\"custom-logo-link\" rel=\"home\"><img loading=\"lazy\" decoding=\"async\" width=\"612\" height=\"408\" src=\"https:\/\/acobyvigneau.com\/wp-content\/uploads\/2025\/10\/Gemini_Generated_Image_gjwvb5gjwvb5gjwv-removebg-preview.png\" class=\"custom-logo\" alt=\"A.C.O.by VIGNEAU\" srcset=\"https:\/\/acobyvigneau.com\/wp-content\/uploads\/2025\/10\/Gemini_Generated_Image_gjwvb5gjwvb5gjwv-removebg-preview.png 612w, https:\/\/acobyvigneau.com\/wp-content\/uploads\/2025\/10\/Gemini_Generated_Image_gjwvb5gjwvb5gjwv-removebg-preview-300x200.png 300w\" sizes=\"auto, (max-width: 612px) 100vw, 612px\" \/><\/a><\/div>\n\n\n<h2 class=\"wp-block-heading has-text-align-center\"> <mark style=\"background-color:rgba(0, 0, 0, 0);color:#b8860b\" class=\"has-inline-color\"><strong>Anthony VIGNEAU<\/strong><\/mark><\/h2>\n<\/div>\n\n\n\n<p class=\"has-text-align-center\">L&rsquo;histoire d&rsquo;<strong>Alpha Conseil Optimisation (A.C.O.byVIGNEAU)<\/strong>&nbsp;est celle d&rsquo;une transition r\u00e9fl\u00e9chie : celle de l&rsquo;excellence op\u00e9rationnelle et de la rigueur du service public vers une expertise strat\u00e9gique enti\u00e8rement d\u00e9di\u00e9e \u00e0 la gestion priv\u00e9e, l&rsquo;optimisation des actifs&nbsp;<strong>et la cr\u00e9ation de synergies professionnelles essentielles<\/strong>.<\/p>\n\n\n\n<h3 class=\"wp-block-heading\">Une Expertise Fond\u00e9e sur la Rigueur<\/h3>\n\n\n\n<p>Mon engagement initial au sein de la&nbsp;<strong>Police Nationale<\/strong>&nbsp;et de la&nbsp;<strong>Gendarmerie Nationale<\/strong>&nbsp;a pos\u00e9 les fondations d&rsquo;une expertise reconnue en mati\u00e8re de rigueur factuelle, de gestion de crise et d&rsquo;analyse de syst\u00e8mes complexes.<\/p>\n\n\n\n<p>Durant&nbsp;<strong>plus de 20 ans<\/strong>, j&rsquo;ai d\u00e9velopp\u00e9 et aff\u00fbt\u00e9 des comp\u00e9tences cruciales dans des environnements exigeants :<\/p>\n\n\n\n<ul class=\"wp-block-list\">\n<li><strong>Gestion de Crise et Direction Op\u00e9rationnelle :<\/strong>&nbsp;J&rsquo;ai pilot\u00e9 des&nbsp;<strong>Centres de Commandement D\u00e9partementaux<\/strong>, assurant la supervision d&rsquo;\u00e9quipe, l&rsquo;allocation strat\u00e9gique des ressources et la gestion de crise H24. Cette exp\u00e9rience a forg\u00e9 ma capacit\u00e9 \u00e0 prendre des d\u00e9cisions adapt\u00e9es sous haute pression.<\/li>\n\n\n\n<li><strong>N\u00e9gociation Strat\u00e9gique :<\/strong>&nbsp;En tant que&nbsp;<strong>Consultant Interne en Relations Strat\u00e9giques<\/strong>, j&rsquo;ai men\u00e9 des n\u00e9gociations \u00e0 haut niveau et g\u00e9r\u00e9 des projets complexes, affinant ainsi ma ma\u00eetrise de la m\u00e9diation et de la r\u00e9solution de conflits.<\/li>\n\n\n\n<li><strong>Conformit\u00e9 et S\u00fbret\u00e9 Terrain :<\/strong>\u00a0J&rsquo;ai agi comme\u00a0<strong>Expert en S\u00e9curit\u00e9 Op\u00e9rationnelle<\/strong>, d\u00e9veloppant une expertise pointue en\u00a0<strong>analyse de la fraude documentaire<\/strong>\u00a0et s\u00e9curisation de syst\u00e8mes \u2013 une connaissance critique aujourd&rsquo;hui appliqu\u00e9e \u00e0 l&rsquo;audit patrimonial et entrepenarial <\/li>\n<\/ul>\n\n\n\n<h3 class=\"wp-block-heading\">A.C.O. : Au carrefour des opportunit\u00e9s et des solutions<\/h3>\n\n\n\n<p>Ces ann\u00e9es pass\u00e9es \u00e0 garantir la s\u00e9curit\u00e9 et la conformit\u00e9 m&rsquo;ont conduit \u00e0 une double prise de conscience : le besoin d&rsquo;une&nbsp;<strong>strat\u00e9gie priv\u00e9e<\/strong>&nbsp;aussi rigoureuse, et la n\u00e9cessit\u00e9 de&nbsp;<strong>centraliser l&rsquo;acc\u00e8s aux meilleures ressources<\/strong>&nbsp;pour le client.<\/p>\n\n\n\n<p>C&rsquo;est pourquoi j&rsquo;ai fond\u00e9&nbsp;A.C.O.byVIGNEAU&nbsp;(Novembre 2025), avec une mission claire, qui est l&rsquo;essence m\u00eame de notre activit\u00e9 :<\/p>\n\n\n\n<blockquote class=\"wp-block-quote is-layout-flow wp-block-quote-is-layout-flow\">\n<h2 class=\"wp-block-heading has-text-align-center\">Agir comme le chef d&rsquo;orchestre de votre performance administrative et financi\u00e8re en vous connectant aux partenaires strat\u00e9giques appropri\u00e9s.<\/h2>\n<\/blockquote>\n\n\n\n<p>L&rsquo;\u00e2me d&rsquo;A.C.O. r\u00e9side dans  <mark style=\"background-color:rgba(0, 0, 0, 0);color:#b8860b\" class=\"has-inline-color\"><em>l&rsquo;Apport le Conseil, l&rsquo;Apport d&rsquo;Affaires, la Mise en Relationnel mais aussi l&rsquo;intervention physique.<\/em><\/mark>\u00a0Notre r\u00f4le est de d\u00e9fricher le terrain pour nos clients et de leur faire gagner un temps pr\u00e9cieux en les connectant aux experts les plus qualifi\u00e9s. Nous b\u00e2tissons un r\u00e9seau cibl\u00e9 de partenaires d\u2019excellence :\u00a0avocats, banquiers, courtiers, notaires, agences de voyage, tour-op\u00e9rateurs, et autres entreprises sp\u00e9cialis\u00e9es.<\/p>\n\n\n\n<h3 class=\"wp-block-heading\">Notre Engagement<\/h3>\n\n\n\n<p class=\"has-text-align-center\"><em>L&rsquo;approche d&rsquo;A.C.O. repose sur la\u00a0<strong><mark style=\"background-color:rgba(0, 0, 0, 0);color:#b8860b\" class=\"has-inline-color\">confiance<\/mark><\/strong>\u00a0et la\u00a0<strong><mark style=\"background-color:rgba(0, 0, 0, 0);color:#b8860b\" class=\"has-inline-color\">confidentialit\u00e9<\/mark><\/strong>. Notre service s&rsquo;articule autour de trois domaines d&rsquo;expertise fondamentaux :<\/em><\/p>\n\n\n\n<ol start=\"1\" class=\"wp-block-list\">\n<li><strong><mark style=\"background-color:rgba(0, 0, 0, 0);color:#b8860b\" class=\"has-inline-color\">Apport d&rsquo;Affaires et R\u00e9seau Strat\u00e9gique<\/mark> :<\/strong>&nbsp;Notre fonction principale. Nous s\u00e9lectionnons et mettons en relation nos clients avec notre cercle de partenaires B2B de confiance pour garantir des solutions compl\u00e8tes et optimis\u00e9es.<\/li>\n\n\n\n<li><strong><mark style=\"background-color:rgba(0, 0, 0, 0);color:#b8860b\" class=\"has-inline-color\">Audit Patrimonial et Conformit\u00e9 Globale<\/mark> :<\/strong>&nbsp;Analyse de gestion priv\u00e9e, aide \u00e0 la structuration et s\u00e9curisation des actifs en s&rsquo;appuyant sur l&rsquo;expertise d\u00e9velopp\u00e9e en analyse de la fraude et de la non-conformit\u00e9.<\/li>\n\n\n\n<li><strong><mark style=\"background-color:rgba(0, 0, 0, 0);color:#b8860b\" class=\"has-inline-color\">Gestion de Crise Strat\u00e9gique<\/mark> :<\/strong>&nbsp;Mise en \u0153uvre de la m\u00e9thodologie acquise sur le terrain pour la r\u00e9solution de situations d\u00e9licates et la supervision d&rsquo;op\u00e9rations strat\u00e9giques.<\/li>\n<\/ol>\n\n\n\n<p class=\"has-text-align-center\">Chaque mission est abord\u00e9e avec la m\u00eame\u00a0rigueur\u00a0et la m\u00eame\u00a0capacit\u00e9 d&rsquo;analyse\u00a0d\u00e9velopp\u00e9es sur le terrain, garantissant \u00e0 nos clients la\u00a0s\u00e9r\u00e9nit\u00e9\u00a0et le meilleur retour sur investissement.<\/p>\n\n\n\n<hr class=\"wp-block-separator has-alpha-channel-opacity\"\/>\n\n\n\n<p class=\"has-text-align-center\"><strong><mark style=\"background-color:rgba(0, 0, 0, 0);color:#b8860b\" class=\"has-inline-color\"><em>N&rsquo;h\u00e9sitez plus : je suis \u00e0 votre disposition. J&rsquo;esp\u00e8re que mon parcours vous donnera envie de me solliciter, ne serait-ce que pour discuter et voir comment am\u00e9liorer votre quotidien, votre pouvoir d&rsquo;achat, ou m\u00eame vous \u00e9viter quelques migraines administratives !<\/em><\/mark><\/strong><\/p>\n<\/div>\n\n\n\n<div class=\"wp-block-group is-vertical is-content-justification-center is-layout-flex wp-container-core-group-is-layout-838cd1cc wp-block-group-is-layout-flex\" style=\"padding-top:var(--wp--preset--spacing--40);padding-bottom:var(--wp--preset--spacing--50)\"><div class=\"is-default-size wp-block-site-logo\"><a href=\"https:\/\/acobyvigneau.com\/\" class=\"custom-logo-link\" rel=\"home\"><img loading=\"lazy\" decoding=\"async\" width=\"612\" height=\"408\" src=\"https:\/\/acobyvigneau.com\/wp-content\/uploads\/2025\/10\/Gemini_Generated_Image_gjwvb5gjwvb5gjwv-removebg-preview.png\" class=\"custom-logo\" alt=\"A.C.O.by VIGNEAU\" srcset=\"https:\/\/acobyvigneau.com\/wp-content\/uploads\/2025\/10\/Gemini_Generated_Image_gjwvb5gjwvb5gjwv-removebg-preview.png 612w, https:\/\/acobyvigneau.com\/wp-content\/uploads\/2025\/10\/Gemini_Generated_Image_gjwvb5gjwvb5gjwv-removebg-preview-300x200.png 300w\" sizes=\"auto, (max-width: 612px) 100vw, 612px\" \/><\/a><\/div>\n\n<nav class=\"has-small-font-size items-justified-center wp-block-navigation is-content-justification-center is-layout-flex wp-container-core-navigation-is-layout-a89b3969 wp-block-navigation-is-layout-flex\" aria-label=\"Clients (Particuliers, Famille, &amp; Entreprises Priv\u00e9es)\"><ul class=\"wp-block-navigation__container has-small-font-size items-justified-center wp-block-navigation has-small-font-size\"><li class=\"has-small-font-size wp-block-navigation-item wp-block-navigation-link\"><a class=\"wp-block-navigation-item__content\"  href=\"https:\/\/acobyvigneau.com\/\"><span class=\"wp-block-navigation-item__label\"><mark style=\"color:#b8860b\" class=\"has-inline-color\">Accueil<\/mark><\/span><\/a><\/li><li class=\"has-small-font-size wp-block-navigation-item wp-block-navigation-link\"><a class=\"wp-block-navigation-item__content\"  href=\"https:\/\/acobyvigneau.com\/index.php\/clients-particuliers-familles-entreprises-privees\/\"><span class=\"wp-block-navigation-item__label\"><mark style=\"color:#b8860b\" class=\"has-inline-color\">Clients (Particuliers)<\/mark><\/span><\/a><\/li><li class=\"has-small-font-size wp-block-navigation-item wp-block-navigation-link\"><a class=\"wp-block-navigation-item__content\"  href=\"https:\/\/acobyvigneau.com\/index.php\/pole-entreprises-soutien-operationnel-strategique\/\"><span class=\"wp-block-navigation-item__label\"><mark style=\"color:#b8860b\" class=\"has-inline-color\">P\u00f4le Entreprises<\/mark><\/span><\/a><\/li><li class=\"has-small-font-size wp-block-navigation-item wp-block-navigation-link\"><a class=\"wp-block-navigation-item__content\"  href=\"https:\/\/acobyvigneau.com\/index.php\/partenaires-apport-daffaires\/\"><span class=\"wp-block-navigation-item__label\"><mark style=\"color:#b8860b\" class=\"has-inline-color\">Partenaires (Apport d\u2019Affaires)<\/mark><\/span><\/a><\/li><li class=\"has-small-font-size wp-block-navigation-item wp-block-navigation-link\"><a class=\"wp-block-navigation-item__content\"  href=\"https:\/\/acobyvigneau.com\/index.php\/mentions-legales-politique-de-confidentialite\/\"><span class=\"wp-block-navigation-item__label\"><mark style=\"color:#b8860b\" class=\"has-inline-color\">Mentions L\u00e9gales &amp; Politique de Confidentialit\u00e9<\/mark><\/span><\/a><\/li><li class=\"has-small-font-size wp-block-navigation-item wp-block-navigation-link\"><a class=\"wp-block-navigation-item__content\"  href=\"https:\/\/acobyvigneau.com\/index.php\/parcours-fondateur\/\"><span class=\"wp-block-navigation-item__label\"><mark style=\"color:#b8860b\" class=\"has-inline-color\">Parcours Fondateur<\/mark><\/span><\/a><\/li><li class=\"has-small-font-size wp-block-navigation-item wp-block-navigation-link\"><a class=\"wp-block-navigation-item__content\"  href=\"https:\/\/acobyvigneau.com\/index.php\/contacts-informations\/\"><span class=\"wp-block-navigation-item__label\"><mark style=\"color:#b8860b\" class=\"has-inline-color\">Contacts &amp; Informations<\/mark><\/span><\/a><\/li><\/ul><\/nav>\n\n\n<p class=\"has-text-align-center has-secondary-color has-text-color has-link-color has-small-font-size wp-elements-899aae734cfe97fcc05e798787614bdd\"><a href=\"https:\/\/fr.wordpress.org\" rel=\"nofollow\"><mark style=\"background-color:rgba(0, 0, 0, 0)\" class=\"has-inline-color has-base-2-color\">\u00a9 2025 A.C.O. by VIGNEAU | Tous droits r\u00e9serv\u00e9s.<\/mark><\/a><\/p>\n<\/div>\n","protected":false},"excerpt":{"rendered":"<p>Anthony VIGNEAU L&rsquo;histoire d&rsquo;Alpha Conseil Optimisation (A.C.O.byVIGNEAU)&nbsp;est celle d&rsquo;une transition r\u00e9fl\u00e9chie : celle de l&rsquo;excellence op\u00e9rationnelle et de la rigueur du service public vers une expertise strat\u00e9gique enti\u00e8rement d\u00e9di\u00e9e \u00e0 la gestion priv\u00e9e, l&rsquo;optimisation des actifs&nbsp;et la cr\u00e9ation de synergies professionnelles essentielles. Une Expertise Fond\u00e9e sur la Rigueur Mon engagement initial au sein de la&nbsp;Police [&hellip;]<\/p>\n","protected":false},"author":1,"featured_media":0,"parent":0,"menu_order":0,"comment_status":"closed","ping_status":"closed","template":"","meta":{"footnotes":""},"class_list":["post-80","page","type-page","status-publish","hentry"],"_links":{"self":[{"href":"https:\/\/acobyvigneau.com\/index.php\/wp-json\/wp\/v2\/pages\/80","targetHints":{"allow":["GET"]}}],"collection":[{"href":"https:\/\/acobyvigneau.com\/index.php\/wp-json\/wp\/v2\/pages"}],"about":[{"href":"https:\/\/acobyvigneau.com\/index.php\/wp-json\/wp\/v2\/types\/page"}],"author":[{"embeddable":true,"href":"https:\/\/acobyvigneau.com\/index.php\/wp-json\/wp\/v2\/users\/1"}],"replies":[{"embeddable":true,"href":"https:\/\/acobyvigneau.com\/index.php\/wp-json\/wp\/v2\/comments?post=80"}],"version-history":[{"count":7,"href":"https:\/\/acobyvigneau.com\/index.php\/wp-json\/wp\/v2\/pages\/80\/revisions"}],"predecessor-version":[{"id":357,"href":"https:\/\/acobyvigneau.com\/index.php\/wp-json\/wp\/v2\/pages\/80\/revisions\/357"}],"wp:attachment":[{"href":"https:\/\/acobyvigneau.com\/index.php\/wp-json\/wp\/v2\/media?parent=80"}],"curies":[{"name":"wp","href":"https:\/\/api.w.org\/{rel}","templated":true}]}}